{"id":22,"date":"2019-05-30T08:55:36","date_gmt":"2019-05-30T08:55:36","guid":{"rendered":"http:\/\/www.ribiskadruzinaradovljica.si\/en\/?page_id=22"},"modified":"2019-05-30T10:23:09","modified_gmt":"2019-05-30T10:23:09","slug":"sava-4","status":"publish","type":"page","link":"http:\/\/www.ribiskadruzinaradovljica.si\/en\/sava-4\/","title":{"rendered":"Sava river (district 4)"},"content":{"rendered":"<p>The district, which extends from&nbsp;<strong>Rakovn\u00edk<\/strong>&nbsp;to the&nbsp;<strong>outflow of the Tr\u017ei\u0161ka Bistrica River into the Sava<\/strong>. The district 4 already unites the rivers&nbsp;<strong>Sava Dolinka and Sava Bohinjka<\/strong>-and the united district is 23 km long. Every year approximately 20,000&nbsp;<strong>brown trouts<\/strong>&nbsp;-two years old-( that were grown in the breeding streams) are put into these districts along with approximately 3000 kg of&nbsp;<strong>rainbow trout<\/strong>. In this district, which is managed by&nbsp;<strong>RD Radovljica<\/strong>,&nbsp;<strong>the fans of wilderness<\/strong>&nbsp;will come to&nbsp;<strong>enjoy the unblemished nature<\/strong>,&nbsp;<strong>beautiful brown trouts, graylings as well as first-class natural rainbow trouts<\/strong>.<\/p>\n<ul class=\"block-features\">\n<li><strong><span class=\"bold text-uppercase\">POSSIBILITY OF FISHING:<\/span><\/strong> brown trout, European chub, grayling, huchen, pike, rainbow trout<\/li>\n<li><strong><span class=\"bold text-uppercase\">TYPE OF FISHING:<\/span><\/strong>&nbsp;fly fishing, spin fishing, spin fishing with bubble float<\/li>\n<li><strong><span class=\"bold text-uppercase\">ALLOWED BAITS:<\/span><\/strong>&nbsp;artificial baits, artificial fly, streamer<\/li>\n<li><strong><span class=\"bold text-uppercase\">TYPE OF WATER:<\/span><\/strong>&nbsp;running water<\/li>\n<\/ul>\n<p><a href=\"http:\/\/www.ribiskadruzinaradovljica.si\/en\/fishing-licences\/\"><i class=\"wp-svg-info-2 info-2\"><\/i> More about fishing licences<\/a><br \/>\n<a href=\"https:\/\/www.ribiskekarte.si\/en\/rd-radovljica\/sava-4\" target=\"_blank\" rel=\"noopener noreferrer\"><i class=\"wp-svg-cart cart\"><\/i> Buy fishing licence online<\/a><\/p>\n<p><iframe loading=\"lazy\" src=\"https:\/\/www.google.com\/maps\/d\/u\/0\/embed?mid=1-1r_XcooifBfEVbKmqDhhlDFKA86qF1d\" width=\"100%\" height=\"480\"><\/iframe><\/p>\nngg_shortcode_0_placeholder\n","protected":false},"excerpt":{"rendered":"<p>The district, which extends from&nbsp;Rakovn\u00edk&nbsp;to the&nbsp;outflow of the Tr\u017ei\u0161ka Bistrica River into the Sava. The district 4 already unites the rivers&nbsp;Sava Dolinka and Sava Bohinjka-and the united district is 23 km long. Every year approximately 20,000&nbsp;brown trouts&nbsp;-two years old-( that were grown in the breeding streams) are put into these districts along with approximately 3000 [&hellip;]<\/p>\n","protected":false},"author":1,"featured_media":0,"parent":0,"menu_order":0,"comment_status":"closed","ping_status":"closed","template":"","meta":{"ngg_post_thumbnail":0,"footnotes":""},"class_list":["post-22","page","type-page","status-publish","hentry"],"_links":{"self":[{"href":"http:\/\/www.ribiskadruzinaradovljica.si\/en\/wp-json\/wp\/v2\/pages\/22","targetHints":{"allow":["GET"]}}],"collection":[{"href":"http:\/\/www.ribiskadruzinaradovljica.si\/en\/wp-json\/wp\/v2\/pages"}],"about":[{"href":"http:\/\/www.ribiskadruzinaradovljica.si\/en\/wp-json\/wp\/v2\/types\/page"}],"author":[{"embeddable":true,"href":"http:\/\/www.ribiskadruzinaradovljica.si\/en\/wp-json\/wp\/v2\/users\/1"}],"replies":[{"embeddable":true,"href":"http:\/\/www.ribiskadruzinaradovljica.si\/en\/wp-json\/wp\/v2\/comments?post=22"}],"version-history":[{"count":6,"href":"http:\/\/www.ribiskadruzinaradovljica.si\/en\/wp-json\/wp\/v2\/pages\/22\/revisions"}],"predecessor-version":[{"id":169,"href":"http:\/\/www.ribiskadruzinaradovljica.si\/en\/wp-json\/wp\/v2\/pages\/22\/revisions\/169"}],"wp:attachment":[{"href":"http:\/\/www.ribiskadruzinaradovljica.si\/en\/wp-json\/wp\/v2\/media?parent=22"}],"curies":[{"name":"wp","href":"https:\/\/api.w.org\/{rel}","templated":true}]}}