{"id":27,"date":"2019-05-31T06:21:41","date_gmt":"2019-05-31T06:21:41","guid":{"rendered":"http:\/\/www.ribiskadruzinaradovljica.si\/de\/?page_id=27"},"modified":"2024-12-08T13:11:19","modified_gmt":"2024-12-08T13:11:19","slug":"fischerfamilie-radovljica","status":"publish","type":"page","link":"http:\/\/www.ribiskadruzinaradovljica.si\/de\/fischerfamilie-radovljica\/","title":{"rendered":"Fischerfamilie Radovljica"},"content":{"rendered":"<p><strong><img loading=\"lazy\" decoding=\"async\" class=\"alignright size-medium wp-image-61\" src=\"http:\/\/www.ribiskadruzinaradovljica.si\/de\/wp-content\/uploads\/sites\/3\/2019\/05\/IMG_20190530_085815-1-300x225.jpg\" alt=\"\" width=\"300\" height=\"225\" srcset=\"http:\/\/www.ribiskadruzinaradovljica.si\/de\/wp-content\/uploads\/sites\/3\/2019\/05\/IMG_20190530_085815-1-300x225.jpg 300w, http:\/\/www.ribiskadruzinaradovljica.si\/de\/wp-content\/uploads\/sites\/3\/2019\/05\/IMG_20190530_085815-1-768x576.jpg 768w, http:\/\/www.ribiskadruzinaradovljica.si\/de\/wp-content\/uploads\/sites\/3\/2019\/05\/IMG_20190530_085815-1-1024x768.jpg 1024w, http:\/\/www.ribiskadruzinaradovljica.si\/de\/wp-content\/uploads\/sites\/3\/2019\/05\/IMG_20190530_085815-1-400x300.jpg 400w, http:\/\/www.ribiskadruzinaradovljica.si\/de\/wp-content\/uploads\/sites\/3\/2019\/05\/IMG_20190530_085815-1.jpg 1200w\" sizes=\"auto, (max-width: 300px) 100vw, 300px\" \/>Die Fischerfamilie Radovljica <\/strong>wurde 1953 aus der damaligen Fischereigenossenschaft Gorenjska gegr\u00fcndet. 10 Mitglieder nahmen an der Stiftung teil.&nbsp;<strong>Die Ribi\u0161ka dru\u017eina Radovljica&nbsp;<\/strong>hat heute 150 Mitglieder, darunter auch Junioren. Die Ribi\u0161ka dru\u017eina Radovljica vereint die Mitglieder, die sich um die Zucht der einheimischen und anderen Fischarten in slowenischen Gew\u00e4ssern k\u00fcmmern und<strong> aus dem Vergn\u00fcgen Fischen aus\u00fcben.<\/strong><\/p>\n<p><strong>Die RD Radovljica&nbsp;<\/strong>ist bewusst des Sinnes und des Wertes der&nbsp;<strong>heimischen Fischarten in slowenischen Gew\u00e4ssern.&nbsp;<\/strong>Wir freuen uns zu bemerken, dass die Qualit\u00e4t unserer Gew\u00e4sser noch immer uns erm\u00f6glicht, bei der Verwaltung und bei der Zucht der ersten Klasse&nbsp;<strong>Bachforellen&nbsp;<\/strong>erfolgreich zu sein.<strong>&nbsp;<\/strong>Wir haben auch eine gro\u00dfe <strong>Fischzucht, wo wir braune Forellen und Huchen&nbsp;<\/strong>z\u00fcchten.<strong>&nbsp;<\/strong>Wir k\u00f6nnen sogar <strong>Regenbogenforellen<\/strong> f\u00fcr unsere eigene Bed\u00fcrfnisse z\u00fcchten.<\/p>\n<p>Zur Erhaltung der <strong>Bachforellen&nbsp;<\/strong>verbieten wir ihren Fang,und auch die Menge f\u00fcr die F\u00e4nge der&nbsp;<strong>\u00c4schen&nbsp;<\/strong>ist auf 40 cm aufgehoben worden.<\/p>\n<h3>\u00dcber uns<\/h3>\n<p>Fischerfamilie Radovljica<br \/>\nLancovo 7, 4240 Radovljica, Slowenien<br \/>\nBankkontonummer: SI56 0400 0027 8574 726<br \/>\nSteuernummer: 52518990<\/p>\n<p><strong>TELEFON:<\/strong> +386 (0)4 531 21 68<br \/>\n<strong>EMAIL:<\/strong> radovljica.rd@gmail.com<\/p>\n<p><strong>B\u00dcROZEITEN:<\/strong> Mittwochs von 18:00 bis 20:00 Uhr, au\u00dfer an Feiertagen.<\/p>\n","protected":false},"excerpt":{"rendered":"<p>Die Fischerfamilie Radovljica wurde 1953 aus der damaligen Fischereigenossenschaft Gorenjska gegr\u00fcndet. 10 Mitglieder nahmen an der Stiftung teil.&nbsp;Die Ribi\u0161ka dru\u017eina Radovljica&nbsp;hat heute 150 Mitglieder, darunter auch Junioren. Die Ribi\u0161ka dru\u017eina Radovljica vereint die Mitglieder, die sich um die Zucht der einheimischen und anderen Fischarten in slowenischen Gew\u00e4ssern k\u00fcmmern und aus dem Vergn\u00fcgen Fischen aus\u00fcben. Die [&hellip;]<\/p>\n","protected":false},"author":1,"featured_media":0,"parent":0,"menu_order":0,"comment_status":"closed","ping_status":"closed","template":"","meta":{"ngg_post_thumbnail":0,"footnotes":""},"class_list":["post-27","page","type-page","status-publish","hentry"],"_links":{"self":[{"href":"http:\/\/www.ribiskadruzinaradovljica.si\/de\/wp-json\/wp\/v2\/pages\/27","targetHints":{"allow":["GET"]}}],"collection":[{"href":"http:\/\/www.ribiskadruzinaradovljica.si\/de\/wp-json\/wp\/v2\/pages"}],"about":[{"href":"http:\/\/www.ribiskadruzinaradovljica.si\/de\/wp-json\/wp\/v2\/types\/page"}],"author":[{"embeddable":true,"href":"http:\/\/www.ribiskadruzinaradovljica.si\/de\/wp-json\/wp\/v2\/users\/1"}],"replies":[{"embeddable":true,"href":"http:\/\/www.ribiskadruzinaradovljica.si\/de\/wp-json\/wp\/v2\/comments?post=27"}],"version-history":[{"count":4,"href":"http:\/\/www.ribiskadruzinaradovljica.si\/de\/wp-json\/wp\/v2\/pages\/27\/revisions"}],"predecessor-version":[{"id":217,"href":"http:\/\/www.ribiskadruzinaradovljica.si\/de\/wp-json\/wp\/v2\/pages\/27\/revisions\/217"}],"wp:attachment":[{"href":"http:\/\/www.ribiskadruzinaradovljica.si\/de\/wp-json\/wp\/v2\/media?parent=27"}],"curies":[{"name":"wp","href":"https:\/\/api.w.org\/{rel}","templated":true}]}}