{"id":21,"date":"2019-05-31T06:20:57","date_gmt":"2019-05-31T06:20:57","guid":{"rendered":"http:\/\/www.ribiskadruzinaradovljica.si\/de\/?page_id=21"},"modified":"2019-05-31T08:04:06","modified_gmt":"2019-05-31T08:04:06","slug":"lipnica","status":"publish","type":"page","link":"http:\/\/www.ribiskadruzinaradovljica.si\/de\/lipnica\/","title":{"rendered":"Lipnica"},"content":{"rendered":"<p>Der Bach <strong>Lipnica<\/strong> ist der erste Nebenfluss der Sava auf der rechten Seite nach dem Zusammenfluss der Sava Bohinjka und der Sava Dolinka.Er flie\u00dft in die Sava in der N\u00e4he des Dorfes Ovsi\u0161e. Der Bach akummuliert die Gew\u00e4sser von Sava auf den nord\u00f6stlichen H\u00e4ngen des Plateaus Jelovica, von den drei wichtigste B\u00e4che in die Lipnica flie\u00dfen.<\/p>\n<ul class=\"block-features\">\n<li><strong><span class=\"bold text-uppercase\">FISCHARTEN:<\/span><\/strong> Bachforelle, \u00c4sche, Regenbogenforelle<\/li>\n<li><strong><span class=\"bold text-uppercase\">ANGELMETHODEN:<\/span><\/strong>&nbsp;Fliegenfischen<\/li>\n<li><strong><span class=\"bold text-uppercase\">ERLAUBTE K\u00d6DER:<\/span><\/strong>&nbsp;Kunstfliege<\/li>\n<li><strong><span class=\"bold text-uppercase\">WASSERTYPEN:<\/span><\/strong>&nbsp;Fliessgewaesser<\/li>\n<\/ul>\n<p><a href=\"http:\/\/www.ribiskadruzinaradovljica.si\/de\/fischerkarten\/\"><i class=\"wp-svg-info-2 info-2\"><\/i> Mehr \u00fcber Fischerkarten<\/a><br \/>\n<a href=\"https:\/\/www.ribiskekarte.si\/de\/rd-radovljica\/nakup\/87\" target=\"_blank\" rel=\"noopener noreferrer\"><i class=\"wp-svg-cart cart\"><\/i> Online Fischerkarten-Verkauf<\/a><\/p>\n<p><iframe loading=\"lazy\" src=\"https:\/\/www.google.com\/maps\/d\/embed?mid=1V4XxI54sR9PY27OvFckG28LWEFimQ7Iv\" width=\"100%\" height=\"480\"><\/iframe><\/p>\nngg_shortcode_0_placeholder\n","protected":false},"excerpt":{"rendered":"<p>Der Bach Lipnica ist der erste Nebenfluss der Sava auf der rechten Seite nach dem Zusammenfluss der Sava Bohinjka und der Sava Dolinka.Er flie\u00dft in die Sava in der N\u00e4he des Dorfes Ovsi\u0161e. Der Bach akummuliert die Gew\u00e4sser von Sava auf den nord\u00f6stlichen H\u00e4ngen des Plateaus Jelovica, von den drei wichtigste B\u00e4che in die Lipnica [&hellip;]<\/p>\n","protected":false},"author":1,"featured_media":0,"parent":0,"menu_order":0,"comment_status":"closed","ping_status":"closed","template":"","meta":{"ngg_post_thumbnail":0,"footnotes":""},"class_list":["post-21","page","type-page","status-publish","hentry"],"_links":{"self":[{"href":"http:\/\/www.ribiskadruzinaradovljica.si\/de\/wp-json\/wp\/v2\/pages\/21","targetHints":{"allow":["GET"]}}],"collection":[{"href":"http:\/\/www.ribiskadruzinaradovljica.si\/de\/wp-json\/wp\/v2\/pages"}],"about":[{"href":"http:\/\/www.ribiskadruzinaradovljica.si\/de\/wp-json\/wp\/v2\/types\/page"}],"author":[{"embeddable":true,"href":"http:\/\/www.ribiskadruzinaradovljica.si\/de\/wp-json\/wp\/v2\/users\/1"}],"replies":[{"embeddable":true,"href":"http:\/\/www.ribiskadruzinaradovljica.si\/de\/wp-json\/wp\/v2\/comments?post=21"}],"version-history":[{"count":6,"href":"http:\/\/www.ribiskadruzinaradovljica.si\/de\/wp-json\/wp\/v2\/pages\/21\/revisions"}],"predecessor-version":[{"id":183,"href":"http:\/\/www.ribiskadruzinaradovljica.si\/de\/wp-json\/wp\/v2\/pages\/21\/revisions\/183"}],"wp:attachment":[{"href":"http:\/\/www.ribiskadruzinaradovljica.si\/de\/wp-json\/wp\/v2\/media?parent=21"}],"curies":[{"name":"wp","href":"https:\/\/api.w.org\/{rel}","templated":true}]}}