{"id":19,"date":"2019-05-31T06:20:51","date_gmt":"2019-05-31T06:20:51","guid":{"rendered":"http:\/\/www.ribiskadruzinaradovljica.si\/de\/?page_id=19"},"modified":"2019-05-31T08:03:25","modified_gmt":"2019-05-31T08:03:25","slug":"vosce","status":"publish","type":"page","link":"http:\/\/www.ribiskadruzinaradovljica.si\/de\/vosce\/","title":{"rendered":"Vosce"},"content":{"rendered":"<p>Kleinerer Teich im Dorf Vo\u0161\u010de oberhalb von Lancovo. Es wird haupts\u00e4chlich von Karpfen, Zander und Hecht bewohnt.<\/p>\n<ul class=\"block-features\">\n<li><strong><span class=\"bold text-uppercase\">FISCHARTEN:<\/span><\/strong>&nbsp;Hecht, Karpfen, Zander<\/li>\n<li><strong><span class=\"bold text-uppercase\">ANGELMETHODEN:<\/span><\/strong>&nbsp;Fliegenfischen, Grundfischen, Posenfischen, Spinnfischen<\/li>\n<li><strong><span class=\"bold text-uppercase\">ERLAUBTE K\u00d6DER:<\/span><\/strong>&nbsp;Fischk\u00f6der pflanzlichen Ursprungs, Kunstfliege, K\u00fcnstlichen Fischk\u00f6der<\/li>\n<li><strong><span class=\"bold text-uppercase\">WASSERTYPEN:<\/span><\/strong>&nbsp;Stillgewaesser<\/li>\n<\/ul>\n<p><a href=\"http:\/\/www.ribiskadruzinaradovljica.si\/de\/fischerkarten\/\"><i class=\"wp-svg-info-2 info-2\"><\/i> Mehr \u00fcber Fischerkarten<\/a><br \/>\n<a href=\"https:\/\/www.ribiskekarte.si\/de\/rd-radovljica\/nakup\/57\" target=\"_blank\" rel=\"noopener noreferrer\"><i class=\"wp-svg-cart cart\"><\/i> Online Fischerkarten-Verkauf<\/a><\/p>\n<div class=\"col-md-12\"><iframe loading=\"lazy\" src=\"https:\/\/www.google.com\/maps\/d\/u\/0\/embed?mid=1MRXwXmNA6z87EtFER7r9q-kaUq3T6Yp2&amp;z=17\" width=\"100%\" height=\"480\"><\/iframe><\/div>\n","protected":false},"excerpt":{"rendered":"<p>Kleinerer Teich im Dorf Vo\u0161\u010de oberhalb von Lancovo. Es wird haupts\u00e4chlich von Karpfen, Zander und Hecht bewohnt. FISCHARTEN:&nbsp;Hecht, Karpfen, Zander ANGELMETHODEN:&nbsp;Fliegenfischen, Grundfischen, Posenfischen, Spinnfischen ERLAUBTE K\u00d6DER:&nbsp;Fischk\u00f6der pflanzlichen Ursprungs, Kunstfliege, K\u00fcnstlichen Fischk\u00f6der WASSERTYPEN:&nbsp;Stillgewaesser Mehr \u00fcber Fischerkarten Online Fischerkarten-Verkauf<\/p>\n","protected":false},"author":1,"featured_media":0,"parent":0,"menu_order":0,"comment_status":"closed","ping_status":"closed","template":"","meta":{"ngg_post_thumbnail":0,"footnotes":""},"class_list":["post-19","page","type-page","status-publish","hentry"],"_links":{"self":[{"href":"http:\/\/www.ribiskadruzinaradovljica.si\/de\/wp-json\/wp\/v2\/pages\/19","targetHints":{"allow":["GET"]}}],"collection":[{"href":"http:\/\/www.ribiskadruzinaradovljica.si\/de\/wp-json\/wp\/v2\/pages"}],"about":[{"href":"http:\/\/www.ribiskadruzinaradovljica.si\/de\/wp-json\/wp\/v2\/types\/page"}],"author":[{"embeddable":true,"href":"http:\/\/www.ribiskadruzinaradovljica.si\/de\/wp-json\/wp\/v2\/users\/1"}],"replies":[{"embeddable":true,"href":"http:\/\/www.ribiskadruzinaradovljica.si\/de\/wp-json\/wp\/v2\/comments?post=19"}],"version-history":[{"count":5,"href":"http:\/\/www.ribiskadruzinaradovljica.si\/de\/wp-json\/wp\/v2\/pages\/19\/revisions"}],"predecessor-version":[{"id":182,"href":"http:\/\/www.ribiskadruzinaradovljica.si\/de\/wp-json\/wp\/v2\/pages\/19\/revisions\/182"}],"wp:attachment":[{"href":"http:\/\/www.ribiskadruzinaradovljica.si\/de\/wp-json\/wp\/v2\/media?parent=19"}],"curies":[{"name":"wp","href":"https:\/\/api.w.org\/{rel}","templated":true}]}}