{"id":17,"date":"2019-05-31T06:20:45","date_gmt":"2019-05-31T06:20:45","guid":{"rendered":"http:\/\/www.ribiskadruzinaradovljica.si\/de\/?page_id=17"},"modified":"2019-05-31T07:58:42","modified_gmt":"2019-05-31T07:58:42","slug":"sava-4","status":"publish","type":"page","link":"http:\/\/www.ribiskadruzinaradovljica.si\/de\/sava-4\/","title":{"rendered":"Sava 4"},"content":{"rendered":"<p>Der Bezirk, der sich&nbsp;<strong>von Rakovn\u00edk bis zum Abfluss des Tr\u017ei\u0161ka Bistrica Flusses<\/strong>&nbsp;in die&nbsp;<strong>Sava erstreckt<\/strong>. Der Bezirk 4 vereint bereits die&nbsp;<strong>Fl\u00fcsse Sava Dolinka und Sava Bohinjka<\/strong>-und der vereinigte Bezirk ist 23 km lang. Jedes Jahr rund 20.000 brauner Forellen -zwei Jahre alt-(die in der Zucht gez\u00fcchtet sind) werden in diese Bezirken zusammen mit etwa 3000 kg&nbsp;<strong>Regenbogenforellen zur\u00fcckgelassen<\/strong>. In diesem Bezirk, der von&nbsp;<strong>RD Radovljica<\/strong>&nbsp;verwaltet ist,&nbsp;<strong>kommen die Fans der Wildnis um die intakte Natur<\/strong>,&nbsp;<strong>sch\u00f6ne Bachforellen, \u00c4schen sowie die erstklassigen Regenbogenforellen zu genie\u00dfen<\/strong>.<\/p>\n<ul class=\"block-features\">\n<li><strong><span class=\"bold text-uppercase\">FISCHARTEN:<\/span><\/strong>&nbsp;Bachforelle, D\u00f6bel, Europ\u00e4ische \u00c4sche, Hecht, Huchen, Regenbogenforelle<\/li>\n<li><strong><span class=\"bold text-uppercase\">ANGELMETHODEN:<\/span><\/strong>&nbsp;Fliegenfischen, Spinnfischen, Spinnfischen mit Wasserkugeln<\/li>\n<li><strong><span class=\"bold text-uppercase\">ERLAUBTE K\u00d6DER:<\/span><\/strong>&nbsp;Kunstfliege, K\u00fcnstlichen Fischk\u00f6der, Streamer<\/li>\n<li><strong><span class=\"bold text-uppercase\">WASSERTYPEN:<\/span><\/strong>&nbsp;Fliessgewaesser<\/li>\n<\/ul>\n<p><a href=\"http:\/\/www.ribiskadruzinaradovljica.si\/de\/fischerkarten\/\"><i class=\"wp-svg-info-2 info-2\"><\/i> Mehr \u00fcber Fischerkarten<\/a><br \/>\n<a href=\"https:\/\/www.ribiskekarte.si\/de\/rd-radovljica\/sava-4\" target=\"_blank\" rel=\"noopener noreferrer\"><i class=\"wp-svg-cart cart\"><\/i> Online Fischerkarten-Verkauf<\/a><\/p>\n<p><iframe loading=\"lazy\" src=\"https:\/\/www.google.com\/maps\/d\/u\/0\/embed?mid=1-1r_XcooifBfEVbKmqDhhlDFKA86qF1d\" width=\"100%\" height=\"480\"><\/iframe><\/p>\nngg_shortcode_0_placeholder\n","protected":false},"excerpt":{"rendered":"<p>Der Bezirk, der sich&nbsp;von Rakovn\u00edk bis zum Abfluss des Tr\u017ei\u0161ka Bistrica Flusses&nbsp;in die&nbsp;Sava erstreckt. Der Bezirk 4 vereint bereits die&nbsp;Fl\u00fcsse Sava Dolinka und Sava Bohinjka-und der vereinigte Bezirk ist 23 km lang. Jedes Jahr rund 20.000 brauner Forellen -zwei Jahre alt-(die in der Zucht gez\u00fcchtet sind) werden in diese Bezirken zusammen mit etwa 3000 kg&nbsp;Regenbogenforellen [&hellip;]<\/p>\n","protected":false},"author":1,"featured_media":0,"parent":0,"menu_order":0,"comment_status":"closed","ping_status":"closed","template":"","meta":{"ngg_post_thumbnail":0,"footnotes":""},"class_list":["post-17","page","type-page","status-publish","hentry"],"_links":{"self":[{"href":"http:\/\/www.ribiskadruzinaradovljica.si\/de\/wp-json\/wp\/v2\/pages\/17","targetHints":{"allow":["GET"]}}],"collection":[{"href":"http:\/\/www.ribiskadruzinaradovljica.si\/de\/wp-json\/wp\/v2\/pages"}],"about":[{"href":"http:\/\/www.ribiskadruzinaradovljica.si\/de\/wp-json\/wp\/v2\/types\/page"}],"author":[{"embeddable":true,"href":"http:\/\/www.ribiskadruzinaradovljica.si\/de\/wp-json\/wp\/v2\/users\/1"}],"replies":[{"embeddable":true,"href":"http:\/\/www.ribiskadruzinaradovljica.si\/de\/wp-json\/wp\/v2\/comments?post=17"}],"version-history":[{"count":5,"href":"http:\/\/www.ribiskadruzinaradovljica.si\/de\/wp-json\/wp\/v2\/pages\/17\/revisions"}],"predecessor-version":[{"id":176,"href":"http:\/\/www.ribiskadruzinaradovljica.si\/de\/wp-json\/wp\/v2\/pages\/17\/revisions\/176"}],"wp:attachment":[{"href":"http:\/\/www.ribiskadruzinaradovljica.si\/de\/wp-json\/wp\/v2\/media?parent=17"}],"curies":[{"name":"wp","href":"https:\/\/api.w.org\/{rel}","templated":true}]}}