{"id":15,"date":"2019-05-31T06:20:40","date_gmt":"2019-05-31T06:20:40","guid":{"rendered":"http:\/\/www.ribiskadruzinaradovljica.si\/de\/?page_id=15"},"modified":"2019-05-31T07:56:43","modified_gmt":"2019-05-31T07:56:43","slug":"sava-a","status":"publish","type":"page","link":"http:\/\/www.ribiskadruzinaradovljica.si\/de\/sava-a\/","title":{"rendered":"Sava A"},"content":{"rendered":"<p>Dieses Revier erstreckt sich von&nbsp;<strong>Cajhnov Staudamm nach Rakovnik<\/strong>. Jedes Jahr etwa&nbsp;<strong>20.000, der zwei Jahre alten Bachforellen werden wieder in die Gew\u00e4sser<\/strong><strong>zur\u00fcckgelassen<\/strong>: die Forellen, die in der Zucht gez\u00fcchtet sind, zusammen mit etwa 3.000 kg \u00c4schen. Der Bezirk, der von&nbsp;<strong>RD Radovljica&nbsp;<\/strong>verwaltet wird, bietet den Wildnisliebhabern die makellose Natur, sch\u00f6ne Bachforellen,&nbsp;<strong>\u00c4schen<\/strong>&nbsp;sowie die&nbsp;<strong>erstklassigen<\/strong>&nbsp;Regenbogenforellen.<\/p>\n<ul class=\"block-features\">\n<li><strong><span class=\"bold text-uppercase\">FISCHARTEN:<\/span><\/strong>&nbsp;Bachforelle, D\u00f6bel, Europ\u00e4ische \u00c4sche, Hecht, Huchen, Regenbogenforelle<\/li>\n<li><strong><span class=\"bold text-uppercase\">ANGELMETHODEN:<\/span><\/strong>&nbsp;Fliegenfischen, Spinnfischen<\/li>\n<li><strong><span class=\"bold text-uppercase\">ERLAUBTE K\u00d6DER:<\/span><\/strong>&nbsp;Kunstfliege, K\u00fcnstlichen Fischk\u00f6der, Streamer<\/li>\n<li><strong><span class=\"bold text-uppercase\">WASSERTYPEN:<\/span><\/strong>&nbsp;Fliessgewaesser<\/li>\n<\/ul>\n<p><a href=\"http:\/\/www.ribiskadruzinaradovljica.si\/de\/fischerkarten\/\"><i class=\"wp-svg-info-2 info-2\"><\/i> Mehr \u00fcber Fischerkarten<\/a><br \/>\n<a href=\"https:\/\/www.ribiskekarte.si\/de\/rd-radovljica\/sava-a\" target=\"_blank\" rel=\"noopener noreferrer\"><i class=\"wp-svg-cart cart\"><\/i> Online Fischerkarten-Verkauf<\/a><\/p>\n<p><iframe loading=\"lazy\" src=\"https:\/\/www.google.com\/maps\/d\/u\/0\/embed?mid=1rx0QacnAyn-rB6RsHi1MQbkZXUQDQ0fC\" width=\"100%\" height=\"480\"><\/iframe><\/p>\nngg_shortcode_0_placeholder\n","protected":false},"excerpt":{"rendered":"<p>Dieses Revier erstreckt sich von&nbsp;Cajhnov Staudamm nach Rakovnik. Jedes Jahr etwa&nbsp;20.000, der zwei Jahre alten Bachforellen werden wieder in die Gew\u00e4sserzur\u00fcckgelassen: die Forellen, die in der Zucht gez\u00fcchtet sind, zusammen mit etwa 3.000 kg \u00c4schen. Der Bezirk, der von&nbsp;RD Radovljica&nbsp;verwaltet wird, bietet den Wildnisliebhabern die makellose Natur, sch\u00f6ne Bachforellen,&nbsp;\u00c4schen&nbsp;sowie die&nbsp;erstklassigen&nbsp;Regenbogenforellen. FISCHARTEN:&nbsp;Bachforelle, D\u00f6bel, Europ\u00e4ische \u00c4sche, Hecht, [&hellip;]<\/p>\n","protected":false},"author":1,"featured_media":0,"parent":0,"menu_order":0,"comment_status":"closed","ping_status":"closed","template":"","meta":{"ngg_post_thumbnail":0,"footnotes":""},"class_list":["post-15","page","type-page","status-publish","hentry"],"_links":{"self":[{"href":"http:\/\/www.ribiskadruzinaradovljica.si\/de\/wp-json\/wp\/v2\/pages\/15","targetHints":{"allow":["GET"]}}],"collection":[{"href":"http:\/\/www.ribiskadruzinaradovljica.si\/de\/wp-json\/wp\/v2\/pages"}],"about":[{"href":"http:\/\/www.ribiskadruzinaradovljica.si\/de\/wp-json\/wp\/v2\/types\/page"}],"author":[{"embeddable":true,"href":"http:\/\/www.ribiskadruzinaradovljica.si\/de\/wp-json\/wp\/v2\/users\/1"}],"replies":[{"embeddable":true,"href":"http:\/\/www.ribiskadruzinaradovljica.si\/de\/wp-json\/wp\/v2\/comments?post=15"}],"version-history":[{"count":6,"href":"http:\/\/www.ribiskadruzinaradovljica.si\/de\/wp-json\/wp\/v2\/pages\/15\/revisions"}],"predecessor-version":[{"id":173,"href":"http:\/\/www.ribiskadruzinaradovljica.si\/de\/wp-json\/wp\/v2\/pages\/15\/revisions\/173"}],"wp:attachment":[{"href":"http:\/\/www.ribiskadruzinaradovljica.si\/de\/wp-json\/wp\/v2\/media?parent=15"}],"curies":[{"name":"wp","href":"https:\/\/api.w.org\/{rel}","templated":true}]}}