{"id":13,"date":"2019-05-31T06:20:27","date_gmt":"2019-05-31T06:20:27","guid":{"rendered":"http:\/\/www.ribiskadruzinaradovljica.si\/de\/?page_id=13"},"modified":"2019-05-31T07:53:20","modified_gmt":"2019-05-31T07:53:20","slug":"reviere","status":"publish","type":"page","link":"http:\/\/www.ribiskadruzinaradovljica.si\/de\/reviere\/","title":{"rendered":"Reviere"},"content":{"rendered":"<h3><a href=\"http:\/\/www.ribiskadruzinaradovljica.si\/de\/sava-a\/\"><img loading=\"lazy\" decoding=\"async\" class=\"alignright wp-image-431 size-medium\" src=\"http:\/\/www.ribiskadruzinaradovljica.si\/wp-content\/uploads\/2019\/05\/New-Project-1-300x189.jpg\" alt=\"\" width=\"300\" height=\"189\"><\/a>SAVA A (von Cajhnov Staudamm bis Rakovnik)<\/h3>\n<p><a href=\"https:\/\/www.google.com\/maps\/@46.3315277,14.1881799,14.31z\" target=\"_blank\" rel=\"noopener noreferrer\">Oberkrain &#8211; GPS: N 46\u00b0 19&#8242; 53.5008&#8220;, E 14\u00b0 11&#8242; 17.448&#8220;<\/a><\/p>\n<p><strong><span class=\"bold text-uppercase\">FISCHARTEN:<\/span><\/strong>&nbsp;Bachforelle, D\u00f6bel, Europ\u00e4ische \u00c4sche, Hecht, Huchen, Regenbogenforelle<br \/>\n<strong><span class=\"bold text-uppercase\">ANGELMETHODEN:<\/span><\/strong>&nbsp;Fliegenfischen, Spinnfischen<\/p>\n<p><a href=\"http:\/\/www.ribiskadruzinaradovljica.si\/de\/sava-a\/\"><i class=\"wp-svg-info-2 info-2\"><\/i> Mehr \u00fcber Revier<\/a><br \/>\n<a href=\"http:\/\/www.ribiskadruzinaradovljica.si\/de\/fischerkarten\/\"><i class=\"wp-svg-tags tags\"><\/i> Fischerkarten<\/a><br \/>\n<a href=\"https:\/\/www.ribiskekarte.si\/de\/rd-radovljica\/sava-a\" target=\"_blank\" rel=\"noopener noreferrer\"><i class=\"wp-svg-cart cart\"><\/i> Online kaufen<\/a><\/p>\n<hr>\n<h3><a href=\"http:\/\/www.ribiskadruzinaradovljica.si\/de\/sava-4\/\"><img loading=\"lazy\" decoding=\"async\" class=\"alignright size-medium wp-image-423\" src=\"http:\/\/www.ribiskadruzinaradovljica.si\/wp-content\/uploads\/2019\/05\/New-Project-300x189.jpg\" alt=\"\" width=\"300\" height=\"189\"><\/a>SAVA 4 (von Rakovnik bis zum kleinen Bach kurz vor dem Abfluss der Tr\u017ei\u0161ka Bistrica)<\/h3>\n<p><a href=\"https:\/\/www.google.com\/maps\/@46.3035476,14.2340993,14z\" target=\"_blank\" rel=\"noopener noreferrer\">Oberkrain &#8211; GPS: N 46\u00b0 18&#8242; 28.3536&#8220;, E 14\u00b0 14&#8242; 19.4424&#8220;<\/a><\/p>\n<p><strong><span class=\"bold text-uppercase\">FISCHARTEN:<\/span><\/strong>&nbsp;Bachforelle, D\u00f6bel, Europ\u00e4ische \u00c4sche, Hecht, Huchen, Regenbogenforelle<br \/>\n<strong><span class=\"bold text-uppercase\">ANGELMETHODEN:<\/span><\/strong>&nbsp;Fliegenfischen, Spinnfischen, Spinnfischen mit Wasserkugeln<\/p>\n<p><a href=\"http:\/\/www.ribiskadruzinaradovljica.si\/de\/sava-4\/\"><i class=\"wp-svg-info-2 info-2\"><\/i> Mehr \u00fcber Revier<\/a><br \/>\n<a href=\"http:\/\/www.ribiskadruzinaradovljica.si\/de\/fischerkarten\/\"><i class=\"wp-svg-tags tags\"><\/i> Fischerkarten<\/a><br \/>\n<a href=\"https:\/\/www.ribiskekarte.si\/de\/rd-radovljica\/sava-4\" target=\"_blank\" rel=\"noopener noreferrer\"><i class=\"wp-svg-cart cart\"><\/i> Online kaufen<\/a><\/p>\n<hr>\n<h3><a href=\"http:\/\/www.ribiskadruzinaradovljica.si\/de\/lipnica\/\"><img loading=\"lazy\" decoding=\"async\" class=\"size-medium wp-image-417 alignright\" src=\"http:\/\/www.ribiskadruzinaradovljica.si\/wp-content\/uploads\/2019\/05\/dsc_0905-large-300x200.jpg\" alt=\"\" width=\"300\" height=\"200\"><\/a>LIPNICA (vom Damm oberhalb der Kamna Gorica bis zum Ausfluss in die Sava in Podnart)<\/h3>\n<p><a href=\"https:\/\/www.google.com\/maps\/@46.2968851,14.2317517,16.94z\" target=\"_blank\" rel=\"noopener noreferrer\">Oberkrain &#8211; GPS: N 46\u00b0 17&#8242; 50.568&#8220;, E 14\u00b0 13&#8242; 49.9188&#8220;<\/a><\/p>\n<p><strong><span class=\"bold text-uppercase\">FISCHARTEN:<\/span><\/strong> Bachforelle, \u00c4sche, Regenbogenforelle<br \/>\n<strong><span class=\"bold text-uppercase\">ANGELMETHODEN:<\/span><\/strong>&nbsp;Fliegenfischen<\/p>\n<p><a href=\"http:\/\/www.ribiskadruzinaradovljica.si\/de\/lipnica\/\"><i class=\"wp-svg-info-2 info-2\"><\/i> Mehr \u00fcber Revier<\/a><br \/>\n<a href=\"http:\/\/www.ribiskadruzinaradovljica.si\/de\/fischerkarten\/\"><i class=\"wp-svg-tags tags\"><\/i> Fischerkarten<\/a><br \/>\n<a href=\"https:\/\/www.ribiskekarte.si\/de\/rd-radovljica\/potok-lipnica\" target=\"_blank\" rel=\"noopener noreferrer\"><i class=\"wp-svg-cart cart\"><\/i> Online kaufen<\/a><\/p>\n<hr>\n<h3>TEICH VO\u0160\u010cE<\/h3>\n<p><a href=\"https:\/\/www.google.com\/maps\/@46.3300845,14.1463259,19.09z\" target=\"_blank\" rel=\"noopener noreferrer\">Oberkrain &#8211; GPS: N 46\u00b0 19&#8242; 47.2296&#8220;, E 14\u00b0 8&#8242; 44.502&#8220;<\/a><\/p>\n<p><strong><span class=\"bold text-uppercase\">FISCHARTEN:<\/span><\/strong>&nbsp;Hecht, Karpfen, Zander<br \/>\n<strong><span class=\"bold text-uppercase\">ANGELMETHODEN:<\/span><\/strong>&nbsp;Fliegenfischen, Grundfischen, Posenfischen, Spinnfischen<\/p>\n<p><a href=\"http:\/\/www.ribiskadruzinaradovljica.si\/de\/vosce\/\"><i class=\"wp-svg-info-2 info-2\"><\/i> Mehr \u00fcber Revier<\/a><br \/>\n<a href=\"http:\/\/www.ribiskadruzinaradovljica.si\/de\/fischerkarten\/\"><i class=\"wp-svg-tags tags\"><\/i> Fischerkarten<\/a><br \/>\n<a href=\"https:\/\/www.ribiskekarte.si\/de\/rd-radovljica\/ribnik-vosce\" target=\"_blank\" rel=\"noopener noreferrer\"><i class=\"wp-svg-cart cart\"><\/i> Online kaufen<\/a><\/p>\n","protected":false},"excerpt":{"rendered":"<p>SAVA A (von Cajhnov Staudamm bis Rakovnik) Oberkrain &#8211; GPS: N 46\u00b0 19&#8242; 53.5008&#8220;, E 14\u00b0 11&#8242; 17.448&#8220; FISCHARTEN:&nbsp;Bachforelle, D\u00f6bel, Europ\u00e4ische \u00c4sche, Hecht, Huchen, Regenbogenforelle ANGELMETHODEN:&nbsp;Fliegenfischen, Spinnfischen Mehr \u00fcber Revier Fischerkarten Online kaufen SAVA 4 (von Rakovnik bis zum kleinen Bach kurz vor dem Abfluss der Tr\u017ei\u0161ka Bistrica) Oberkrain &#8211; GPS: N 46\u00b0 18&#8242; 28.3536&#8220;, [&hellip;]<\/p>\n","protected":false},"author":1,"featured_media":0,"parent":0,"menu_order":0,"comment_status":"closed","ping_status":"closed","template":"","meta":{"ngg_post_thumbnail":0,"footnotes":""},"class_list":["post-13","page","type-page","status-publish","hentry"],"_links":{"self":[{"href":"http:\/\/www.ribiskadruzinaradovljica.si\/de\/wp-json\/wp\/v2\/pages\/13","targetHints":{"allow":["GET"]}}],"collection":[{"href":"http:\/\/www.ribiskadruzinaradovljica.si\/de\/wp-json\/wp\/v2\/pages"}],"about":[{"href":"http:\/\/www.ribiskadruzinaradovljica.si\/de\/wp-json\/wp\/v2\/types\/page"}],"author":[{"embeddable":true,"href":"http:\/\/www.ribiskadruzinaradovljica.si\/de\/wp-json\/wp\/v2\/users\/1"}],"replies":[{"embeddable":true,"href":"http:\/\/www.ribiskadruzinaradovljica.si\/de\/wp-json\/wp\/v2\/comments?post=13"}],"version-history":[{"count":16,"href":"http:\/\/www.ribiskadruzinaradovljica.si\/de\/wp-json\/wp\/v2\/pages\/13\/revisions"}],"predecessor-version":[{"id":170,"href":"http:\/\/www.ribiskadruzinaradovljica.si\/de\/wp-json\/wp\/v2\/pages\/13\/revisions\/170"}],"wp:attachment":[{"href":"http:\/\/www.ribiskadruzinaradovljica.si\/de\/wp-json\/wp\/v2\/media?parent=13"}],"curies":[{"name":"wp","href":"https:\/\/api.w.org\/{rel}","templated":true}]}}